{"id":2,"date":"2007-12-30T06:49:57","date_gmt":"2007-12-30T14:49:57","guid":{"rendered":""},"modified":"2026-04-25T07:22:05","modified_gmt":"2026-04-25T14:22:05","slug":"about","status":"publish","type":"page","link":"https:\/\/pwoodford.net\/cookblog\/?page_id=2","title":{"rendered":"About"},"content":{"rendered":"<h3 style=\"text-align: center;\"><a href=\"#1\">About Crouton&#8217;s Kitchen<\/a><\/h3>\n<h3 style=\"text-align: center;\"><a href=\"#2\">Family &amp; Friends<\/a><\/h3>\n<p><a name=\"1\"><\/a><\/p>\n<h4>About<\/h4>\n<p>There are a lot of cooking blogs on the net.\u00a0Why start another one?\u00a0Because my wife Ditalini and I love to cook.\u00a0Because I love to blog.\u00a0Because we love you.\u00a0Why, indeed?<\/p>\n<figure style=\"width: 450px\" class=\"wp-caption aligncenter\"><a title=\"crouton_ditalini_1 by Paul Woodford, on Flickr\" href=\"https:\/\/www.flickr.com\/photos\/halfmind\/16671035101\"><img loading=\"lazy\" decoding=\"async\" src=\"https:\/\/live.staticflickr.com\/8578\/16671035101_57259dfa23.jpg\" alt=\"crouton_ditalini_1\" width=\"450\" height=\"323\" \/><\/a><figcaption class=\"wp-caption-text\">Ditalini &amp; Crouton deMenthe<\/figcaption><\/figure>\n<p>So here&#8217;s Crouton&#8217;s Kitchen.<\/p>\n<p>The recipes we&#8217;ll post here will be for meals Ditalini and I cook in our own kitchen, for ourselves or to share with family and friends. A lot of the recipes are my own, and I like to think of my cooking blog as husband-centric, or at least husband-friendly.<\/p>\n<p>We invite you to comment on recipes, ask questions, and share recipes of your own.<\/p>\n<p>Thanks for visiting Crouton&#8217;s Kitchen!<\/p>\n<p><a name=\"2\"><\/a><\/p>\n<h4>Family &amp; Friends<\/h4>\n<p>Occasionally readers ask me about the names on this blog. A bit of explanation is in order.<\/p>\n<p>When I started Crouton&#8217;s Kitchen\u00a0I decided, in the manner of early bloggers, to use <em>noms de plume<\/em>. I\u2019m Crouton de Menthe, my wife (the real cook) is\u00a0Ditalini. In Crouton\u2019s Kitchen, everyone has a\u00a0<em>nom de plume<\/em>.<\/p>\n<p>Here&#8217;s a Who&#8217;s Who of family &amp; friends\u00a0you&#8217;ll meet\u00a0in Crouton&#8217;s Kitchen:<\/p>\n<p><strong>The deMenthe Family<\/strong><\/p>\n<ul>\n<li>Crouton deMenthe (<em>moi<\/em>)<\/li>\n<li>Ditalini deMenthe (wife, maiden name della Fagioli)<\/li>\n<li>Escargot deMenthe (daughter)<\/li>\n<li>Baguette deMenthe (son)<\/li>\n<li>Truffle deMenthe (daughter in law)<\/li>\n<li>Biscotto deMenthe (grandaughter)<\/li>\n<li>Pesce deMenthe (grandson)<\/li>\n<li><span style=\"color: gray;\">Radicchio della Fagioli (Ditalini&#8217;s aunt, RIP)<\/span><\/li>\n<li><span style=\"color: gray;\">Chateaubriand deMenthe (Crouton&#8217;s father, RIP)<\/span><\/li>\n<li>W\u00fcrstchen deMenthe (beloved dachshund)<\/li>\n<li>Weisswurst deMenthe (beloved dachshund)<\/li>\n<li><span style=\"color: gray;\">Shinken deMenthe (beloved dachshund, RIP)<\/span><\/li>\n<li><span style=\"color: gray;\">Mortadella deMenthe (beloved dachshund, RIP)<\/span><\/li>\n<li><span style=\"color: gray;\">Peolso deMenthe (horrible but beloved old cat, RIP)<\/span><\/li>\n<li><span style=\"color: gray;\">Ubriaco deMenthe (beloved auxiliary dachshund, RIP)<\/span><\/li>\n<\/ul>\n<p><strong>Friends of Crouton&#8217;s Kitchen &amp; Contributors<\/strong><\/p>\n<ul>\n<li>Souffl\u00e9 al Dente<\/li>\n<li>Fagiolo al Dente<\/li>\n<li>Gina Cannoli<\/li>\n<li>Lengua Cannoli<\/li>\n<li>Bock Wurst<\/li>\n<li>Poulet en Crote<\/li>\n<li>Calamari en Crote<\/li>\n<li><span style=\"color: gray;\">Osso Bucco (RIP)<\/span><\/li>\n<li>Pomme Frites<\/li>\n<li>Fritzie Frites<\/li>\n<li>Moules Frites<\/li>\n<li>Remoulade Sausee<\/li>\n<li>Guido Trattoria<\/li>\n<li>Sophia Trattoria<\/li>\n<li>Pomodoro Calde<\/li>\n<li>Bangers N. Mash<\/li>\n<li>Tex &#8220;Mex&#8221; Mash<\/li>\n<li>Grissini Asperagi<\/li>\n<li>Gusti Come Pollo<\/li>\n<li>Magret de Canard<\/li>\n<li>Tibur\u00f3n Ceviche<\/li>\n<li>Camar\u00f3n Ceviche<\/li>\n<li>Manzo Spezzatino<\/li>\n<li>Anitra Spezzatino<\/li>\n<li><span style=\"color: gray;\">Houskov\u00fd Knedl\u00edk (RIP)<\/span><\/li>\n<li>Manzo Bistecca<\/li>\n<li>Legume Burgoo<\/li>\n<li><span style=\"color: gray;\">Lambchop Burgoo (RIP)<\/span><\/li>\n<li>Recto Alpaso<\/li>\n<li>Mani\u00e8re d&#8217;un Chien<\/li>\n<li>Giacomo \u201cHercules\u201d Mandriano<\/li>\n<li>Giuseppe &#8220;Pastoso\u201d Mandriano<\/li>\n<li>Hermana Gazpacho<\/li>\n<li>Al Forno<\/li>\n<\/ul>\n","protected":false},"excerpt":{"rendered":"<p>About Crouton&#8217;s Kitchen Family &amp; Friends About There are a lot of cooking blogs on the net.\u00a0Why start another one?\u00a0Because my wife Ditalini and I love to cook.\u00a0Because I love to blog.\u00a0Because we love you.\u00a0Why, indeed? So here&#8217;s Crouton&#8217;s Kitchen. The recipes we&#8217;ll post here will be for meals Ditalini and I cook in our own kitchen, for ourselves or to share with family and friends. A lot of the recipes are my own, and I like to think of my cooking blog as husband-centric, or at least husband-friendly. We invite you to comment on recipes, ask questions, and share recipes of your own. Thanks for visiting Crouton&#8217;s Kitchen! Family &amp; Friends Occasionally readers ask me about the names on this blog. A bit of explanation is in order. When I started Crouton&#8217;s Kitchen\u00a0I decided, in the manner of early bloggers, to use noms de plume. I\u2019m Crouton de Menthe, my wife (the real cook) is\u00a0Ditalini. In Crouton\u2019s Kitchen, everyone has a\u00a0nom de plume. Here&#8217;s a Who&#8217;s Who of family &amp; friends\u00a0you&#8217;ll meet\u00a0in Crouton&#8217;s Kitchen: The deMenthe Family Crouton deMenthe (moi) Ditalini deMenthe (wife, maiden name della Fagioli) Escargot deMenthe (daughter) Baguette deMenthe (son) Truffle deMenthe (daughter in law) Biscotto deMenthe (grandaughter) Pesce deMenthe (grandson) Radicchio della Fagioli (Ditalini&#8217;s aunt, RIP) Chateaubriand deMenthe (Crouton&#8217;s father, RIP) W\u00fcrstchen deMenthe (beloved dachshund) Weisswurst deMenthe (beloved dachshund) Shinken deMenthe (beloved dachshund, RIP) Mortadella deMenthe (beloved dachshund, RIP) Peolso deMenthe (horrible but beloved old cat, RIP) Ubriaco deMenthe (beloved auxiliary dachshund, RIP) Friends of Crouton&#8217;s Kitchen &amp; Contributors Souffl\u00e9 al Dente Fagiolo al Dente Gina Cannoli Lengua Cannoli Bock Wurst Poulet en Crote Calamari en Crote Osso Bucco (RIP) Pomme Frites Fritzie Frites Moules Frites Remoulade Sausee Guido Trattoria Sophia Trattoria Pomodoro Calde Bangers N. Mash Tex &#8220;Mex&#8221; Mash Grissini Asperagi Gusti Come Pollo Magret de Canard Tibur\u00f3n Ceviche Camar\u00f3n Ceviche Manzo Spezzatino Anitra Spezzatino Houskov\u00fd Knedl\u00edk (RIP) Manzo Bistecca Legume Burgoo Lambchop Burgoo (RIP) Recto Alpaso Mani\u00e8re d&#8217;un Chien Giacomo \u201cHercules\u201d Mandriano Giuseppe &#8220;Pastoso\u201d Mandriano Hermana Gazpacho Al Forno<\/p>\n","protected":false},"author":1,"featured_media":0,"parent":0,"menu_order":0,"comment_status":"open","ping_status":"open","template":"","meta":{"jetpack_post_was_ever_published":false,"footnotes":""},"class_list":["post-2","page","type-page","status-publish","hentry"],"jetpack_shortlink":"https:\/\/wp.me\/PixFB-2","jetpack_sharing_enabled":true,"jetpack_likes_enabled":true,"_links":{"self":[{"href":"https:\/\/pwoodford.net\/cookblog\/index.php?rest_route=\/wp\/v2\/pages\/2","targetHints":{"allow":["GET"]}}],"collection":[{"href":"https:\/\/pwoodford.net\/cookblog\/index.php?rest_route=\/wp\/v2\/pages"}],"about":[{"href":"https:\/\/pwoodford.net\/cookblog\/index.php?rest_route=\/wp\/v2\/types\/page"}],"author":[{"embeddable":true,"href":"https:\/\/pwoodford.net\/cookblog\/index.php?rest_route=\/wp\/v2\/users\/1"}],"replies":[{"embeddable":true,"href":"https:\/\/pwoodford.net\/cookblog\/index.php?rest_route=%2Fwp%2Fv2%2Fcomments&post=2"}],"version-history":[{"count":17,"href":"https:\/\/pwoodford.net\/cookblog\/index.php?rest_route=\/wp\/v2\/pages\/2\/revisions"}],"predecessor-version":[{"id":2914,"href":"https:\/\/pwoodford.net\/cookblog\/index.php?rest_route=\/wp\/v2\/pages\/2\/revisions\/2914"}],"wp:attachment":[{"href":"https:\/\/pwoodford.net\/cookblog\/index.php?rest_route=%2Fwp%2Fv2%2Fmedia&parent=2"}],"curies":[{"name":"wp","href":"https:\/\/api.w.org\/{rel}","templated":true}]}}